{"id":9,"date":"2019-04-25T11:30:16","date_gmt":"2019-04-25T09:30:16","guid":{"rendered":"http:\/\/khw-meerbusch.de\/?page_id=9"},"modified":"2022-11-09T16:37:35","modified_gmt":"2022-11-09T15:37:35","slug":"impressum","status":"publish","type":"page","link":"https:\/\/khw-meerbusch.de\/en\/impressum\/","title":{"rendered":"Imprint"},"content":{"rendered":"\n<p><strong>Angaben gem\u00e4\u00df \u00a7 5 TMG<\/strong><\/p>\n\n\n\n<p><strong>KHW High-Tech Consulting-Engineering GmbH<\/strong><\/p>\n\n\n\n<p><strong>Gesch\u00e4ftsf\u00fchrer<\/strong> <br>Bernd W\u00f6llner&nbsp; <\/p>\n\n\n\n<p>Am Altenbruch 64<br>40822 Mettmann<br>Germany<br><br>Tel.: ++49 0172 212 121 7<\/p>\n\n\n\n<p>Email: info@khw-meerbusch.de<\/p>\n\n\n\n<p>Handelsregister Neuss: HRB 48 72<br>Umsatzsteuer-IdentNr: DE 190682439<\/p>\n\n\n\n<p>Copyright: Vervielf\u00e4ltigungen jeder Art sind nur mit ausdr\u00fccklicher Genehmigung des Unternehmens gestattet. Die Aufnahme in Online-Dienste und Internet sowie die Vervielf\u00e4ltigung auf Datentr\u00e4ger d\u00fcrfen nur nach vorheriger schriftlicher Zustimmung des Unternehmens erfolgen.<\/p>\n\n\n\n<p>Haftungshinweis: Trotz sorgf\u00e4ltiger inhaltlicher Kontrolle \u00fcbernehmen wir keine Haftung f\u00fcr die Inhalte externer Links. F\u00fcr den Inhalt der verlinkten Seiten sind ausschlie\u00dflich deren Betreiber verantwortlich. <\/p>\n\n\n\n<h2>EU-Streitschlichtung<\/h2>\n\n\n\n<p>Die Europ\u00e4ische Kommission stellt eine Plattform zur Online-Streitbeilegung (OS) bereit: <a href=\"https:\/\/ec.europa.eu\/consumers\/odr\/\" target=\"_blank\" rel=\"noreferrer noopener\">https:\/\/ec.europa.eu\/consumers\/odr\/<\/a>.<br>Unsere E-Mail-Adresse finden Sie oben im Impressum.<\/p>\n\n\n\n<h2>Verbraucher\u00adstreit\u00adbeilegung\/Universal\u00adschlichtungs\u00adstelle<\/h2>\n\n\n\n<p>Wir sind nicht bereit oder verpflichtet, an Streitbeilegungsverfahren vor einer Verbraucherschlichtungsstelle teilzunehmen.<\/p>\n","protected":false},"excerpt":{"rendered":"<p>Angaben gem\u00e4\u00df \u00a7 5 TMG KHW High-Tech Consulting-Engineering GmbH Gesch\u00e4ftsf\u00fchrer Bernd W\u00f6llner&nbsp; Am Altenbruch 6440822 MettmannGermany Tel.: ++49 0172 212 121 7 Email: info@khw-meerbusch.de Handelsregister Neuss: HRB 48 72Umsatzsteuer-IdentNr: DE 190682439 Copyright: Vervielf\u00e4ltigungen jeder Art sind nur mit ausdr\u00fccklicher Genehmigung des Unternehmens gestattet. Die Aufnahme in Online-Dienste und Internet sowie die Vervielf\u00e4ltigung auf Datentr\u00e4ger d\u00fcrfen &#8230; <\/p>\n<p class=\"read-more-container\"><a title=\"Imprint\" class=\"read-more button\" href=\"https:\/\/khw-meerbusch.de\/en\/impressum\/#more-9\">Read more<span class=\"screen-reader-text\">Imprint<\/span><\/a><\/p>\n","protected":false},"author":2,"featured_media":0,"parent":0,"menu_order":0,"comment_status":"closed","ping_status":"closed","template":"","meta":[],"featured_image_urls":{"full":"","thumbnail":"","medium":"","medium_large":"","large":"","1536x1536":"","2048x2048":""},"post_excerpt_stackable":"<p>Angaben gem\u00e4\u00df \u00a7 5 TMG KHW High-Tech Consulting-Engineering GmbH Gesch\u00e4ftsf\u00fchrer Bernd W\u00f6llner&nbsp; Am Altenbruch 6440822 MettmannGermanyTel.: ++49 0172 212 121 7 Email: info@khw-meerbusch.de Handelsregister Neuss: HRB 48 72Umsatzsteuer-IdentNr: DE 190682439 Copyright: Vervielf\u00e4ltigungen jeder Art sind nur mit ausdr\u00fccklicher Genehmigung des Unternehmens gestattet. Die Aufnahme in Online-Dienste und Internet sowie die Vervielf\u00e4ltigung auf Datentr\u00e4ger d\u00fcrfen nur nach vorheriger schriftlicher Zustimmung des Unternehmens erfolgen. Haftungshinweis: Trotz sorgf\u00e4ltiger inhaltlicher Kontrolle \u00fcbernehmen wir keine Haftung f\u00fcr die Inhalte externer Links. F\u00fcr den Inhalt der verlinkten Seiten sind ausschlie\u00dflich deren Betreiber verantwortlich. EU-Streitschlichtung Die Europ\u00e4ische Kommission stellt eine Plattform zur Online-Streitbeilegung (OS) bereit: https:\/\/ec.europa.eu\/consumers\/odr\/.Unsere E-Mail-Adresse&hellip;<\/p>\n","category_list":"","author_info":{"name":"lws-mo","url":"https:\/\/khw-meerbusch.de\/en\/author\/lws-mo\/"},"comments_num":"0 comments","_links":{"self":[{"href":"https:\/\/khw-meerbusch.de\/en\/wp-json\/wp\/v2\/pages\/9"}],"collection":[{"href":"https:\/\/khw-meerbusch.de\/en\/wp-json\/wp\/v2\/pages"}],"about":[{"href":"https:\/\/khw-meerbusch.de\/en\/wp-json\/wp\/v2\/types\/page"}],"author":[{"embeddable":true,"href":"https:\/\/khw-meerbusch.de\/en\/wp-json\/wp\/v2\/users\/2"}],"replies":[{"embeddable":true,"href":"https:\/\/khw-meerbusch.de\/en\/wp-json\/wp\/v2\/comments?post=9"}],"version-history":[{"count":14,"href":"https:\/\/khw-meerbusch.de\/en\/wp-json\/wp\/v2\/pages\/9\/revisions"}],"predecessor-version":[{"id":473,"href":"https:\/\/khw-meerbusch.de\/en\/wp-json\/wp\/v2\/pages\/9\/revisions\/473"}],"wp:attachment":[{"href":"https:\/\/khw-meerbusch.de\/en\/wp-json\/wp\/v2\/media?parent=9"}],"curies":[{"name":"wp","href":"https:\/\/api.w.org\/{rel}","templated":true}]}}